{"id":161,"date":"2024-02-06T20:39:27","date_gmt":"2024-02-06T20:39:27","guid":{"rendered":"http:\/\/itineris.org.ar\/web\/?page_id=161"},"modified":"2024-03-08T16:32:02","modified_gmt":"2024-03-08T16:32:02","slug":"herramientas-de-evaluacion","status":"publish","type":"page","link":"https:\/\/itineris.org.ar\/web\/herramientas-de-evaluacion\/","title":{"rendered":"Herramientas de evaluaci\u00f3n"},"content":{"rendered":"<p>[et_pb_section fb_built=\u00bb1&#8243; _builder_version=\u00bb4.24.0&#8243; _module_preset=\u00bbdefault\u00bb background_color=\u00bb#0a0a0a\u00bb background_video_mp4=\u00bbhttp:\/\/itineris.org.ar\/web\/wp-content\/uploads\/2024\/02\/Blue-Green-Screen-Gradient-Background-Animation-Stock-Video.mp4&#8243; custom_padding=\u00bb0px||167px|||\u00bb bottom_divider_style=\u00bbwave2&#8243; bottom_divider_color=\u00bb#FFFFFF\u00bb hover_enabled=\u00bb0&#8243; global_colors_info=\u00bb{}\u00bb disabled_on=\u00bbon|on|off\u00bb sticky_enabled=\u00bb0&#8243;][et_pb_row column_structure=\u00bb1_2,1_2&#8243; _builder_version=\u00bb4.24.0&#8243; _module_preset=\u00bbdefault\u00bb global_colors_info=\u00bb{}\u00bb][et_pb_column type=\u00bb1_2&#8243; _builder_version=\u00bb4.24.0&#8243; _module_preset=\u00bbdefault\u00bb global_colors_info=\u00bb{}\u00bb][et_pb_text _builder_version=\u00bb4.24.0&#8243; _module_preset=\u00bbdefault\u00bb header_font=\u00bb|700|||||||\u00bb header_text_color=\u00bb#FFFFFF\u00bb header_font_size=\u00bb38px\u00bb transform_translate=\u00bb-114px|188px\u00bb transform_translate_linked=\u00bboff\u00bb animation_style=\u00bbslide\u00bb animation_direction=\u00bbbottom\u00bb global_colors_info=\u00bb{}\u00bb]<\/p>\n<h1>Herramientas de evaluaci\u00f3n<\/h1>\n<p>[\/et_pb_text][\/et_pb_column][et_pb_column type=\u00bb1_2&#8243; _builder_version=\u00bb4.24.0&#8243; _module_preset=\u00bbdefault\u00bb global_colors_info=\u00bb{}\u00bb][et_pb_image src=\u00bbhttp:\/\/itineris.org.ar\/web\/wp-content\/uploads\/2024\/02\/herrami_t.png\u00bb _builder_version=\u00bb4.24.0&#8243; _module_preset=\u00bbdefault\u00bb transform_scale=\u00bb154%|154%\u00bb transform_translate=\u00bb0px|30px\u00bb transform_translate_linked=\u00bboff\u00bb global_colors_info=\u00bb{}\u00bb][\/et_pb_image][\/et_pb_column][\/et_pb_row][\/et_pb_section][et_pb_section fb_built=\u00bb1&#8243; _builder_version=\u00bb4.24.0&#8243; _module_preset=\u00bbdefault\u00bb background_color=\u00bb#0a0a0a\u00bb background_video_mp4=\u00bbhttp:\/\/itineris.org.ar\/web\/wp-content\/uploads\/2024\/02\/Blue-Green-Screen-Gradient-Background-Animation-Stock-Video.mp4&#8243; custom_padding=\u00bb0px||167px|||\u00bb bottom_divider_style=\u00bbwave2&#8243; bottom_divider_color=\u00bb#FFFFFF\u00bb hover_enabled=\u00bb0&#8243; global_colors_info=\u00bb{}\u00bb disabled_on=\u00bboff|off|on\u00bb sticky_enabled=\u00bb0&#8243;][et_pb_row column_structure=\u00bb1_2,1_2&#8243; _builder_version=\u00bb4.24.0&#8243; _module_preset=\u00bbdefault\u00bb global_colors_info=\u00bb{}\u00bb][et_pb_column type=\u00bb1_2&#8243; _builder_version=\u00bb4.24.0&#8243; _module_preset=\u00bbdefault\u00bb global_colors_info=\u00bb{}\u00bb][et_pb_text _builder_version=\u00bb4.24.0&#8243; _module_preset=\u00bbdefault\u00bb header_font=\u00bb|700|||||||\u00bb header_text_color=\u00bb#FFFFFF\u00bb transform_translate=\u00bb41px|23px\u00bb transform_translate_linked=\u00bboff\u00bb animation_style=\u00bbslide\u00bb animation_direction=\u00bbbottom\u00bb hover_enabled=\u00bb0&#8243; global_colors_info=\u00bb{}\u00bb sticky_enabled=\u00bb0&#8243;]<\/p>\n<h1>Herramientas de evaluaci\u00f3n<\/h1>\n<p>[\/et_pb_text][\/et_pb_column][et_pb_column type=\u00bb1_2&#8243; _builder_version=\u00bb4.24.0&#8243; _module_preset=\u00bbdefault\u00bb global_colors_info=\u00bb{}\u00bb][et_pb_image src=\u00bbhttp:\/\/itineris.org.ar\/web\/wp-content\/uploads\/2024\/02\/herrami_t.png\u00bb _builder_version=\u00bb4.24.0&#8243; _module_preset=\u00bbdefault\u00bb transform_scale=\u00bb154%|154%\u00bb transform_translate=\u00bb0px|30px\u00bb transform_translate_linked=\u00bboff\u00bb global_colors_info=\u00bb{}\u00bb][\/et_pb_image][\/et_pb_column][\/et_pb_row][\/et_pb_section][et_pb_section fb_built=\u00bb1&#8243; _builder_version=\u00bb4.24.0&#8243; _module_preset=\u00bbdefault\u00bb global_colors_info=\u00bb{}\u00bb][et_pb_row _builder_version=\u00bb4.24.0&#8243; _module_preset=\u00bbdefault\u00bb global_colors_info=\u00bb{}\u00bb][et_pb_column type=\u00bb4_4&#8243; _builder_version=\u00bb4.24.0&#8243; _module_preset=\u00bbdefault\u00bb global_colors_info=\u00bb{}\u00bb][et_pb_text _builder_version=\u00bb4.24.0&#8243; _module_preset=\u00bbdefault\u00bb text_text_color=\u00bb#000000&#8243; text_font_size=\u00bb20px\u00bb text_line_height=\u00bb1.8em\u00bb global_colors_info=\u00bb{}\u00bb]<\/p>\n<p>Parte de la evoluci\u00f3n en el quehacer profesional, se relaciona con la documentaci\u00f3n de las pr\u00e1cticas basadas en la evidencia. Para lograr este avance, es necesario aplicar herramientas de intervenci\u00f3n que permitan procesar y analizar los datos, para que sean transformados en informaci\u00f3n relevante para la toma de decisiones. De esta forma, se registran los cambios (evoluciones, estancamientos o retrocesos) en las personas o la poblaci\u00f3n con discapacidad con quienes trabajamos.\u00a0<\/p>\n<p>Las instituciones que no adquieren la capacidad de demostrar sus resultados en forma fehaciente, son m\u00e1s vulnerables para planificar un desarrollo financiero sustentable. Tienen m\u00e1s debilidades ante el sostenimiento de argumentos basados en la evidencia de sus buenas practicas, lo que habilita estabilidad en la financiaci\u00f3n, la categorizaci\u00f3n y la posibilidad de aplicar a proyectos o programas para la diversificaci\u00f3n de ingresos.\u00a0<\/p>\n<p>Asimismo, las instituciones que no reconocen sus fortalezas y debilidades, como, por ejemplo, en qu\u00e9 aspectos son m\u00e1s eficaces, en qu\u00e9 aspectos est\u00e1n desperdiciando recursos, o en qu\u00e9 pr\u00e1cticas est\u00e1n por fuera de los est\u00e1ndares de calidad, no pueden tomar decisiones a mediano y largo plazo.\u00a0<\/p>\n<p>La bater\u00eda de herramientas de la Fundaci\u00f3n ITINERIS posibilita optimizar los recursos para elaborar reportes que sean sencillos y \u00fatiles para los beneficiarios, las familias, los auditores y los trabajadores de la instituci\u00f3n. Las escalas de intervenci\u00f3n, los cuestionarios y los repertorios de indicadores se crearon y\/o refinaron en forma conjunta con equipos de profesionales de diferentes localidades de nuestro pa\u00eds que se especializan en el trabajo con las personas con discapacidad intelectual.\u00a0<\/p>\n<p>Para estar habilitados a usar estas herramientas, es necesario recibir un m\u00f3dulo de capacitaci\u00f3n para cada instrumento, donde explicitamos la modalidad de administraci\u00f3n, el procesamiento estad\u00edstico, el an\u00e1lisis de los datos cuanti y cualitativamente, y la comunicaci\u00f3n de los resultados, mediante una instancia de devoluci\u00f3n hacia la persona o la poblaci\u00f3n de la que se tomaron esos datos.<\/p>\n<p>[\/et_pb_text][\/et_pb_column][\/et_pb_row][et_pb_row _builder_version=\u00bb4.24.0&#8243; _module_preset=\u00bbdefault\u00bb global_colors_info=\u00bb{}\u00bb][et_pb_column type=\u00bb4_4&#8243; _builder_version=\u00bb4.24.0&#8243; _module_preset=\u00bbdefault\u00bb global_colors_info=\u00bb{}\u00bb][et_pb_button button_url=\u00bb@ET-DC@eyJkeW5hbWljIjp0cnVlLCJjb250ZW50IjoicG9zdF9saW5rX3VybF9wYWdlIiwic2V0dGluZ3MiOnsicG9zdF9pZCI6IjEzMCJ9fQ==@\u00bb button_text=\u00bbContactate con nosotros\u00bb button_alignment=\u00bbcenter\u00bb _builder_version=\u00bb4.24.0&#8243; _dynamic_attributes=\u00bbbutton_url\u00bb _module_preset=\u00bbdefault\u00bb custom_button=\u00bbon\u00bb button_text_color=\u00bb#FFFFFF\u00bb button_bg_color=\u00bb#1395e6&#8243; global_colors_info=\u00bb{}\u00bb][\/et_pb_button][\/et_pb_column][\/et_pb_row][\/et_pb_section]<\/p>\n","protected":false},"excerpt":{"rendered":"<p>Herramientas de evaluaci\u00f3nHerramientas de evaluaci\u00f3nParte de la evoluci\u00f3n en el quehacer profesional, se relaciona con la documentaci\u00f3n de las pr\u00e1cticas basadas en la evidencia. Para lograr este avance, es necesario aplicar herramientas de intervenci\u00f3n que permitan procesar y analizar los datos, para que sean transformados en informaci\u00f3n relevante para la toma de decisiones. De esta [&hellip;]<\/p>\n","protected":false},"author":2,"featured_media":0,"parent":0,"menu_order":0,"comment_status":"closed","ping_status":"closed","template":"","meta":{"_et_pb_use_builder":"on","_et_pb_old_content":"<!-- wp:divi\/placeholder \/-->","_et_gb_content_width":"","footnotes":""},"class_list":["post-161","page","type-page","status-publish","hentry"],"_links":{"self":[{"href":"https:\/\/itineris.org.ar\/web\/wp-json\/wp\/v2\/pages\/161","targetHints":{"allow":["GET"]}}],"collection":[{"href":"https:\/\/itineris.org.ar\/web\/wp-json\/wp\/v2\/pages"}],"about":[{"href":"https:\/\/itineris.org.ar\/web\/wp-json\/wp\/v2\/types\/page"}],"author":[{"embeddable":true,"href":"https:\/\/itineris.org.ar\/web\/wp-json\/wp\/v2\/users\/2"}],"replies":[{"embeddable":true,"href":"https:\/\/itineris.org.ar\/web\/wp-json\/wp\/v2\/comments?post=161"}],"version-history":[{"count":6,"href":"https:\/\/itineris.org.ar\/web\/wp-json\/wp\/v2\/pages\/161\/revisions"}],"predecessor-version":[{"id":611,"href":"https:\/\/itineris.org.ar\/web\/wp-json\/wp\/v2\/pages\/161\/revisions\/611"}],"wp:attachment":[{"href":"https:\/\/itineris.org.ar\/web\/wp-json\/wp\/v2\/media?parent=161"}],"curies":[{"name":"wp","href":"https:\/\/api.w.org\/{rel}","templated":true}]}}