{"id":165,"date":"2024-02-06T20:41:33","date_gmt":"2024-02-06T20:41:33","guid":{"rendered":"http:\/\/itineris.org.ar\/web\/?page_id=165"},"modified":"2024-03-08T16:33:44","modified_gmt":"2024-03-08T16:33:44","slug":"postgrado-en-planificacion-centrada-en-la-persona","status":"publish","type":"page","link":"https:\/\/itineris.org.ar\/web\/postgrado-en-planificacion-centrada-en-la-persona\/","title":{"rendered":"Postgrado en Planificaci\u00f3n Centrada en la Persona"},"content":{"rendered":"<p>[et_pb_section fb_built=\u00bb1&#8243; _builder_version=\u00bb4.24.0&#8243; _module_preset=\u00bbdefault\u00bb background_color=\u00bb#0a0a0a\u00bb background_video_mp4=\u00bbhttp:\/\/itineris.org.ar\/web\/wp-content\/uploads\/2024\/02\/Blue-Green-Screen-Gradient-Background-Animation-Stock-Video.mp4&#8243; custom_padding=\u00bb0px||167px|||\u00bb bottom_divider_style=\u00bbwave2&#8243; bottom_divider_color=\u00bb#FFFFFF\u00bb hover_enabled=\u00bb0&#8243; global_colors_info=\u00bb{}\u00bb disabled_on=\u00bbon|on|off\u00bb sticky_enabled=\u00bb0&#8243;][et_pb_row column_structure=\u00bb1_2,1_2&#8243; _builder_version=\u00bb4.24.0&#8243; _module_preset=\u00bbdefault\u00bb global_colors_info=\u00bb{}\u00bb][et_pb_column type=\u00bb1_2&#8243; _builder_version=\u00bb4.24.0&#8243; _module_preset=\u00bbdefault\u00bb global_colors_info=\u00bb{}\u00bb][et_pb_text _builder_version=\u00bb4.24.0&#8243; _module_preset=\u00bbdefault\u00bb header_font=\u00bb|700|||||||\u00bb header_text_color=\u00bb#FFFFFF\u00bb header_font_size=\u00bb38px\u00bb transform_translate=\u00bb-114px|188px\u00bb transform_translate_linked=\u00bboff\u00bb animation_style=\u00bbslide\u00bb animation_direction=\u00bbbottom\u00bb global_colors_info=\u00bb{}\u00bb]<\/p>\n<h1>Postgrado Planificaci\u00f3n Centrada en la Persona<\/h1>\n<p>[\/et_pb_text][\/et_pb_column][et_pb_column type=\u00bb1_2&#8243; _builder_version=\u00bb4.24.0&#8243; _module_preset=\u00bbdefault\u00bb global_colors_info=\u00bb{}\u00bb][et_pb_image src=\u00bbhttp:\/\/itineris.org.ar\/web\/wp-content\/uploads\/2024\/02\/centrada_per.png\u00bb _builder_version=\u00bb4.24.0&#8243; _module_preset=\u00bbdefault\u00bb transform_scale=\u00bb154%|154%\u00bb transform_translate=\u00bb0px|30px\u00bb transform_translate_linked=\u00bboff\u00bb global_colors_info=\u00bb{}\u00bb][\/et_pb_image][\/et_pb_column][\/et_pb_row][\/et_pb_section][et_pb_section fb_built=\u00bb1&#8243; _builder_version=\u00bb4.24.0&#8243; _module_preset=\u00bbdefault\u00bb background_color=\u00bb#0a0a0a\u00bb background_video_mp4=\u00bbhttp:\/\/itineris.org.ar\/web\/wp-content\/uploads\/2024\/02\/Blue-Green-Screen-Gradient-Background-Animation-Stock-Video.mp4&#8243; custom_padding=\u00bb0px||167px|||\u00bb bottom_divider_style=\u00bbwave2&#8243; bottom_divider_color=\u00bb#FFFFFF\u00bb hover_enabled=\u00bb0&#8243; global_colors_info=\u00bb{}\u00bb disabled_on=\u00bboff|off|on\u00bb sticky_enabled=\u00bb0&#8243;][et_pb_row column_structure=\u00bb1_2,1_2&#8243; _builder_version=\u00bb4.24.0&#8243; _module_preset=\u00bbdefault\u00bb global_colors_info=\u00bb{}\u00bb][et_pb_column type=\u00bb1_2&#8243; _builder_version=\u00bb4.24.0&#8243; _module_preset=\u00bbdefault\u00bb global_colors_info=\u00bb{}\u00bb][et_pb_text _builder_version=\u00bb4.24.0&#8243; _module_preset=\u00bbdefault\u00bb header_font=\u00bb|700|||||||\u00bb header_text_color=\u00bb#FFFFFF\u00bb transform_translate=\u00bb71px|16px\u00bb transform_translate_linked=\u00bboff\u00bb animation_style=\u00bbslide\u00bb animation_direction=\u00bbbottom\u00bb hover_enabled=\u00bb0&#8243; global_colors_info=\u00bb{}\u00bb sticky_enabled=\u00bb0&#8243;]<\/p>\n<h1>Postgrado Planificaci\u00f3n Centrada en la Persona<\/h1>\n<p>[\/et_pb_text][\/et_pb_column][et_pb_column type=\u00bb1_2&#8243; _builder_version=\u00bb4.24.0&#8243; _module_preset=\u00bbdefault\u00bb global_colors_info=\u00bb{}\u00bb][et_pb_image src=\u00bbhttp:\/\/itineris.org.ar\/web\/wp-content\/uploads\/2024\/02\/centrada_per.png\u00bb _builder_version=\u00bb4.24.0&#8243; _module_preset=\u00bbdefault\u00bb transform_scale=\u00bb154%|154%\u00bb transform_translate=\u00bb0px|30px\u00bb transform_translate_linked=\u00bboff\u00bb global_colors_info=\u00bb{}\u00bb][\/et_pb_image][\/et_pb_column][\/et_pb_row][\/et_pb_section][et_pb_section fb_built=\u00bb1&#8243; _builder_version=\u00bb4.24.0&#8243; _module_preset=\u00bbdefault\u00bb global_colors_info=\u00bb{}\u00bb][et_pb_row _builder_version=\u00bb4.24.0&#8243; _module_preset=\u00bbdefault\u00bb global_colors_info=\u00bb{}\u00bb][et_pb_column type=\u00bb4_4&#8243; _builder_version=\u00bb4.24.0&#8243; _module_preset=\u00bbdefault\u00bb global_colors_info=\u00bb{}\u00bb][et_pb_text _builder_version=\u00bb4.24.0&#8243; _module_preset=\u00bbdefault\u00bb text_text_color=\u00bb#000000&#8243; text_font_size=\u00bb20px\u00bb text_line_height=\u00bb1.8em\u00bb global_colors_info=\u00bb{}\u00bb]<\/p>\n<p>La Planificaci\u00f3n Centrada en la Persona (PCP) es una pr\u00e1ctica revolucionaria que, por medio de este curso, puede implementarse en la pr\u00e1ctica de una amplia variedad de dispositivos y contextos en Latinoam\u00e9rica.<\/p>\n<p>Es una metodolog\u00eda de trabajo que permite intervenir junto con la persona con discapacidad para que ocupe una posici\u00f3n central en nuestro quehacer profesional, integrando a su familia, a las instituciones que le brindan servicio y a la comunidad donde vive, de un modo accesible y eficaz, teniendo en cuenta diversos niveles de complejidad.<\/p>\n<p>Los desaf\u00edos y los problemas que plantea la plena inclusi\u00f3n de las personas con discapacidad no pueden ser resueltos por profesionales en forma aislada ni desarticuladamente. Es necesario construir la participaci\u00f3n social en forma personalizada, mediante e dise\u00f1o de los apoyos implementando soluciones de diversa complejidad que involucren el uso de recursos y servicios comunitarios generales y espec\u00edficos para las personas con discapacidad.<\/p>\n<p>La PCP transforma el conjunto de intervenciones dispersas en un genuino sistema al servicio de la calidad de vida, la participaci\u00f3n social y el ejercicio de los derechos. Es una formaci\u00f3n con una fuerte impronta cl\u00ednica, donde el intercambio entre los profesionales (docentes y alumnos) es crucial para aprendizaje de nuevas formas de desempe\u00f1arse y de organizar la pr\u00e1ctica profesional e institucional, centr\u00e1ndose en la persona con discapacidad.<\/p>\n<p>Los materiales te\u00f3ricos y las herramientas de intervenci\u00f3n son pertinentes a nuestro contexto latinoamericano, alineados con la Convenci\u00f3n de los Derechos de las Personas con Discapacidad (ONU).<\/p>\n<p><strong>Objetivo general<\/strong><\/p>\n<p>Capacitar a profesionales en los diferentes marcos te\u00f3ricos y metodolog\u00edas necesarias para elaborar planificaciones centradas en la PCD en el \u00e1mbito institucional o particular.<strong>\u00a0<\/strong><\/p>\n<p><strong>Modalidad<\/strong><\/p>\n<p><strong>\u2022<span>\u00a0<\/span><\/strong>Clases: 7 encuentros virtuales sincr\u00f3nicos por plataforma de ZOOM, de 5 horas reloj cada uno, un s\u00e1bado por mes, de abril a octubre.<br \/><strong>\u2022<span>\u00a0<\/span><\/strong>Las clases te\u00f3ricas est\u00e1n disponibles en video y deben haberse estudiado junto con la bibliograf\u00eda antes del encuentro virtual sincr\u00f3nico correspondiente al mes; de este modo se optimiza el intercambio y la supervisi\u00f3n del proceso de la planificaci\u00f3n centrada en la persona con discapacidad.<br \/><strong>\u2022<span>\u00a0<\/span><\/strong>Trabajo en la plataforma educativa Moodle: virtual y asincr\u00f3nico con tutor\u00edas, discusi\u00f3n en foros, actividades individuales y grupales a partir de materiales de estudio organizados mensualmente (5 horas semanales aproximadamente).<br \/><strong>\u2022<span>\u00a0<\/span><\/strong>Trabajo de campo: entrevistas con una persona con discapacidad, que voluntariamente acceda a colaborar con el proceso del dise\u00f1o de su PCP, durante los 7 meses de duraci\u00f3n de la cursada (6 horas mensuales aproximadamente). Se solicitar\u00e1 el consentimiento informado por escrito a la persona que quiera colaborar para el dise\u00f1o de la PCP y se le realizar\u00e1 una devoluci\u00f3n permanente del material que comparta, como as\u00ed tambi\u00e9n, se le entregar\u00e1 el dise\u00f1o final de su Planificaci\u00f3n Centrada en la Persona. Se mantendr\u00e1 absoluta reserva de su identidad.<\/p>\n<p>[\/et_pb_text][\/et_pb_column][\/et_pb_row][et_pb_row _builder_version=\u00bb4.24.0&#8243; _module_preset=\u00bbdefault\u00bb global_colors_info=\u00bb{}\u00bb][et_pb_column type=\u00bb4_4&#8243; _builder_version=\u00bb4.24.0&#8243; _module_preset=\u00bbdefault\u00bb global_colors_info=\u00bb{}\u00bb][et_pb_button button_url=\u00bbhttps:\/\/docs.google.com\/forms\/d\/e\/1FAIpQLSfzXgfbbWmtFNyi8D2tKgIppISBmDbuP64Xbm3RDhUx6cGbGg\/viewform\u00bb url_new_window=\u00bbon\u00bb button_text=\u00bbSi quer\u00e9s m\u00e1s informaci\u00f3n clic aqu\u00ed\u00bb button_alignment=\u00bbcenter\u00bb _builder_version=\u00bb4.24.0&#8243; _module_preset=\u00bbdefault\u00bb custom_button=\u00bbon\u00bb button_text_color=\u00bb#FFFFFF\u00bb button_bg_color=\u00bb#1395e6&#8243; global_colors_info=\u00bb{}\u00bb][\/et_pb_button][et_pb_text _builder_version=\u00bb4.24.0&#8243; _module_preset=\u00bbdefault\u00bb text_text_color=\u00bb#000000&#8243; text_font_size=\u00bb20px\u00bb text_line_height=\u00bb1.8em\u00bb global_colors_info=\u00bb{}\u00bb]<\/p>\n<p><strong>Materiales relacionados<\/strong><\/p>\n<p>Le\u00e9<\/p>\n<ul>\n<li><a href=\"http:\/\/itineris.org.ar\/web\/wp-content\/uploads\/2024\/02\/la-vida-independiente-se-logra-con-pcp-revista-inclusiones.pdf\"><em>LA VIDA INDEPENDIENTE SE LOGRA A TRAV\u00c9S DE LA PLANIFICACI\u00d3N CENTRADA EN LA PERSONA<\/em><\/a><\/li>\n<\/ul>\n<p>[\/et_pb_text][\/et_pb_column][\/et_pb_row][et_pb_row _builder_version=\u00bb4.24.0&#8243; _module_preset=\u00bbdefault\u00bb global_colors_info=\u00bb{}\u00bb][et_pb_column type=\u00bb4_4&#8243; _builder_version=\u00bb4.24.0&#8243; _module_preset=\u00bbdefault\u00bb global_colors_info=\u00bb{}\u00bb][et_pb_text _builder_version=\u00bb4.24.0&#8243; _module_preset=\u00bbdefault\u00bb text_text_color=\u00bb#0C71C3&#8243; text_font_size=\u00bb20px\u00bb text_line_height=\u00bb1.8em\u00bb global_colors_info=\u00bb{}\u00bb]<\/p>\n<p style=\"text-align: center;\">Adquir\u00ed la versi\u00f3n impresa del libro Planificaci\u00f3n Centrada en la Persona<\/p>\n<p>[\/et_pb_text][et_pb_image src=\u00bbhttp:\/\/itineris.org.ar\/web\/wp-content\/uploads\/2024\/02\/libro.jpg\u00bb align=\u00bbcenter\u00bb _builder_version=\u00bb4.24.0&#8243; _module_preset=\u00bbdefault\u00bb box_shadow_style=\u00bbpreset1&#8243; global_colors_info=\u00bb{}\u00bb][\/et_pb_image][et_pb_button button_url=\u00bbhttps:\/\/articulo.mercadolibre.com.ar\/MLA-789121378-libro-discapacidad-planificacion-centrada-en-la-persona-_JM#position=2&#038;search_layout=stack&#038;type=item&#038;tracking_id=3782a073-c319-4f50-b6e0-ccd73012e87e%20&#8243; url_new_window=\u00bbon\u00bb button_text=\u00bbComprar\u00bb button_alignment=\u00bbcenter\u00bb _builder_version=\u00bb4.24.0&#8243; _module_preset=\u00bbdefault\u00bb custom_button=\u00bbon\u00bb button_text_color=\u00bb#FFFFFF\u00bb button_bg_color=\u00bb#1395e6&#8243; global_colors_info=\u00bb{}\u00bb][\/et_pb_button][et_pb_text _builder_version=\u00bb4.24.0&#8243; _module_preset=\u00bbdefault\u00bb text_text_color=\u00bb#000000&#8243; text_font_size=\u00bb20px\u00bb text_line_height=\u00bb1.8em\u00bb global_colors_info=\u00bb{}\u00bb]<\/p>\n<p style=\"text-align: center;\">La versi\u00f3n en pdf, especialmente dise\u00f1ado para su navegaci\u00f3n, estar\u00e1 disponible para todos los inscriptos<\/p>\n<p>[\/et_pb_text][\/et_pb_column][\/et_pb_row][\/et_pb_section]<\/p>\n","protected":false},"excerpt":{"rendered":"<p>Postgrado Planificaci\u00f3n Centrada en la PersonaPostgrado Planificaci\u00f3n Centrada en la PersonaLa Planificaci\u00f3n Centrada en la Persona (PCP) es una pr\u00e1ctica revolucionaria que, por medio de este curso, puede implementarse en la pr\u00e1ctica de una amplia variedad de dispositivos y contextos en Latinoam\u00e9rica. Es una metodolog\u00eda de trabajo que permite intervenir junto con la persona con [&hellip;]<\/p>\n","protected":false},"author":2,"featured_media":0,"parent":0,"menu_order":0,"comment_status":"closed","ping_status":"closed","template":"","meta":{"_et_pb_use_builder":"on","_et_pb_old_content":"<!-- wp:divi\/placeholder \/-->","_et_gb_content_width":"","footnotes":""},"class_list":["post-165","page","type-page","status-publish","hentry"],"_links":{"self":[{"href":"https:\/\/itineris.org.ar\/web\/wp-json\/wp\/v2\/pages\/165","targetHints":{"allow":["GET"]}}],"collection":[{"href":"https:\/\/itineris.org.ar\/web\/wp-json\/wp\/v2\/pages"}],"about":[{"href":"https:\/\/itineris.org.ar\/web\/wp-json\/wp\/v2\/types\/page"}],"author":[{"embeddable":true,"href":"https:\/\/itineris.org.ar\/web\/wp-json\/wp\/v2\/users\/2"}],"replies":[{"embeddable":true,"href":"https:\/\/itineris.org.ar\/web\/wp-json\/wp\/v2\/comments?post=165"}],"version-history":[{"count":16,"href":"https:\/\/itineris.org.ar\/web\/wp-json\/wp\/v2\/pages\/165\/revisions"}],"predecessor-version":[{"id":612,"href":"https:\/\/itineris.org.ar\/web\/wp-json\/wp\/v2\/pages\/165\/revisions\/612"}],"wp:attachment":[{"href":"https:\/\/itineris.org.ar\/web\/wp-json\/wp\/v2\/media?parent=165"}],"curies":[{"name":"wp","href":"https:\/\/api.w.org\/{rel}","templated":true}]}}