{"id":206,"date":"2024-02-07T02:35:00","date_gmt":"2024-02-07T02:35:00","guid":{"rendered":"http:\/\/itineris.org.ar\/web\/?page_id=206"},"modified":"2024-03-10T00:55:51","modified_gmt":"2024-03-10T00:55:51","slug":"procesos-de-inclusion","status":"publish","type":"page","link":"https:\/\/itineris.org.ar\/web\/procesos-de-inclusion\/","title":{"rendered":"Procesos de inclusi\u00f3n"},"content":{"rendered":"<p>[et_pb_section fb_built=\u00bb1&#8243; disabled_on=\u00bbon|on|off\u00bb _builder_version=\u00bb4.24.0&#8243; _module_preset=\u00bbdefault\u00bb background_color=\u00bb#0a0a0a\u00bb background_video_mp4=\u00bbhttp:\/\/itineris.org.ar\/web\/wp-content\/uploads\/2024\/02\/Blue-Green-Screen-Gradient-Background-Animation-Stock-Video.mp4&#8243; custom_padding=\u00bb0px||167px|||\u00bb bottom_divider_style=\u00bbwave2&#8243; bottom_divider_color=\u00bb#FFFFFF\u00bb global_colors_info=\u00bb{}\u00bb][et_pb_row column_structure=\u00bb1_2,1_2&#8243; _builder_version=\u00bb4.24.0&#8243; _module_preset=\u00bbdefault\u00bb global_colors_info=\u00bb{}\u00bb][et_pb_column type=\u00bb1_2&#8243; _builder_version=\u00bb4.24.0&#8243; _module_preset=\u00bbdefault\u00bb global_colors_info=\u00bb{}\u00bb][et_pb_text _builder_version=\u00bb4.24.0&#8243; _module_preset=\u00bbdefault\u00bb header_font=\u00bb|700|||||||\u00bb header_text_color=\u00bb#FFFFFF\u00bb header_font_size=\u00bb38px\u00bb transform_translate=\u00bb-114px|188px\u00bb transform_translate_linked=\u00bboff\u00bb animation_style=\u00bbslide\u00bb animation_direction=\u00bbbottom\u00bb global_colors_info=\u00bb{}\u00bb]<\/p>\n<h1>Procesos de inclusi\u00f3n<\/h1>\n<p>[\/et_pb_text][\/et_pb_column][et_pb_column type=\u00bb1_2&#8243; _builder_version=\u00bb4.24.0&#8243; _module_preset=\u00bbdefault\u00bb global_colors_info=\u00bb{}\u00bb][et_pb_image src=\u00bbhttp:\/\/itineris.org.ar\/web\/wp-content\/uploads\/2024\/02\/inclus_.png\u00bb _builder_version=\u00bb4.24.0&#8243; _module_preset=\u00bbdefault\u00bb transform_scale=\u00bb154%|154%\u00bb transform_translate=\u00bb0px|30px\u00bb transform_translate_linked=\u00bboff\u00bb global_colors_info=\u00bb{}\u00bb][\/et_pb_image][\/et_pb_column][\/et_pb_row][\/et_pb_section][et_pb_section fb_built=\u00bb1&#8243; disabled_on=\u00bboff|off|on\u00bb _builder_version=\u00bb4.24.0&#8243; _module_preset=\u00bbdefault\u00bb background_color=\u00bb#0a0a0a\u00bb background_video_mp4=\u00bbhttp:\/\/itineris.org.ar\/web\/wp-content\/uploads\/2024\/02\/Blue-Green-Screen-Gradient-Background-Animation-Stock-Video.mp4&#8243; custom_padding=\u00bb0px||167px|||\u00bb bottom_divider_style=\u00bbwave2&#8243; bottom_divider_color=\u00bb#FFFFFF\u00bb global_colors_info=\u00bb{}\u00bb][et_pb_row column_structure=\u00bb1_2,1_2&#8243; _builder_version=\u00bb4.24.0&#8243; _module_preset=\u00bbdefault\u00bb global_colors_info=\u00bb{}\u00bb][et_pb_column type=\u00bb1_2&#8243; _builder_version=\u00bb4.24.0&#8243; _module_preset=\u00bbdefault\u00bb global_colors_info=\u00bb{}\u00bb][et_pb_text _builder_version=\u00bb4.24.0&#8243; _module_preset=\u00bbdefault\u00bb header_font=\u00bb|700|||||||\u00bb header_text_color=\u00bb#FFFFFF\u00bb transform_translate=\u00bb75px|24px\u00bb transform_translate_linked=\u00bboff\u00bb animation_style=\u00bbslide\u00bb animation_direction=\u00bbbottom\u00bb hover_enabled=\u00bb0&#8243; global_colors_info=\u00bb{}\u00bb sticky_enabled=\u00bb0&#8243;]<\/p>\n<h1>Procesos de inclusi\u00f3n<\/h1>\n<p>[\/et_pb_text][\/et_pb_column][et_pb_column type=\u00bb1_2&#8243; _builder_version=\u00bb4.24.0&#8243; _module_preset=\u00bbdefault\u00bb global_colors_info=\u00bb{}\u00bb][et_pb_image src=\u00bbhttp:\/\/itineris.org.ar\/web\/wp-content\/uploads\/2024\/02\/inclus_.png\u00bb _builder_version=\u00bb4.24.0&#8243; _module_preset=\u00bbdefault\u00bb transform_scale=\u00bb154%|154%\u00bb transform_translate=\u00bb0px|30px\u00bb transform_translate_linked=\u00bboff\u00bb global_colors_info=\u00bb{}\u00bb][\/et_pb_image][\/et_pb_column][\/et_pb_row][\/et_pb_section][et_pb_section fb_built=\u00bb1&#8243; _builder_version=\u00bb4.24.0&#8243; _module_preset=\u00bbdefault\u00bb custom_padding=\u00bb4px||0px|||\u00bb global_colors_info=\u00bb{}\u00bb][et_pb_row _builder_version=\u00bb4.24.0&#8243; _module_preset=\u00bbdefault\u00bb global_colors_info=\u00bb{}\u00bb][et_pb_column type=\u00bb4_4&#8243; _builder_version=\u00bb4.24.0&#8243; _module_preset=\u00bbdefault\u00bb global_colors_info=\u00bb{}\u00bb][et_pb_text _builder_version=\u00bb4.24.0&#8243; _module_preset=\u00bbdefault\u00bb text_text_color=\u00bb#000000&#8243; text_font_size=\u00bb20px\u00bb text_line_height=\u00bb1.8em\u00bb global_colors_info=\u00bb{}\u00bb]<\/p>\n<p>Los procesos de inclusi\u00f3n y la transformaci\u00f3n de las instituciones y las comunidades en inclusivas, es una norma est\u00e1ndar en la actualidad. La implementaci\u00f3n de herramientas que permitan dar cuenta de c\u00f3mo se est\u00e1n llevando a cabo los procesos de inclusi\u00f3n, tiene pleno sentido en todas las organizaciones que tienen el mandato legal de ser inclusivas.\u00a0\u00a0<\/p>\n<p><strong>\u00a0\u00a0\u00a0 Escuela<\/strong>\u00a0<\/p>\n<p>Desarrollamos un repertorio de indicadores de inclusi\u00f3n junto a una gran variedad de actores sociales de nuestro contexto, vinculados en forma directa con la inclusi\u00f3n de alumnos con discapacidad. Sirven como orientaci\u00f3n en t\u00e9rminos generales, dentro de una realidad compleja, como un puente para enfocar, profundizar y pormenorizar el trabajo en otras instancias.\u00a0<\/p>\n<p>Cada secci\u00f3n hace foco en un actor social y puede ser respondida por distintas personas. Los 25<strong>\u00a0Indicadores\u00a0<\/strong>son condiciones y pr\u00e1cticas concretas que muestran que la inclusi\u00f3n se produce. Su cumplimiento es crucial, de abordaje prioritario. Est\u00e1n referidos a la Escuela, a los Docentes, a los Alumnos, a la Familia \/grupo conviviente, y a la Comunidad.\u00a0<\/p>\n<p>Esta herramienta se complementa con un repertorio de 27<strong>\u00a0Descriptores<\/strong>\u00a0que enuncian buenas pr\u00e1cticas y permiten comparar el funcionamiento institucional con un est\u00e1ndar deseado. Sirven para mirar en conjunto una organizaci\u00f3n, enfatizando algunos aspectos de inter\u00e9s.\u00a0\u00a0<\/p>\n<p>Puede ser utilizada como evaluaci\u00f3n institucional general, como herramienta disparadora de temas en din\u00e1mica de grupos para realizar un proceso de autoevaluaci\u00f3n y monitoreo peri\u00f3dico de la calidad; o para dise\u00f1ar procesos de capacitaci\u00f3n del personal y de optimizaci\u00f3n de las pr\u00e1cticas atravesadas por la inclusi\u00f3n.\u00a0<\/p>\n<p><strong>\u00a0\u00a0\u00a0 Municipios y dependencias gubernamentales<\/strong>\u00a0<\/p>\n<p>Es un cuestionario con 18 indicadores centrados en el contacto cotidiano con personas con cualquier discapacidad, alineados con la Convenci\u00f3n de los Derechos de las Personas con Discapacidad (ONU).\u00a0\u00a0<\/p>\n<p>Puede ser utilizada como evaluaci\u00f3n de la calidad de la atenci\u00f3n en diferentes reparticiones del Estado, y como parte de programas de capacitaci\u00f3n a los funcionarios p\u00fablicos sobre el campo de la discapacidad. Tambi\u00e9n es una herramienta que funciona como inductor de situaciones, en encuentros breves o incluso en encuentros con personas con discapacidad y sus familiares.\u00a0\u00a0<\/p>\n<p>Una vez tomada la herramienta, los datos ser\u00e1n cargados en un link facilitado por la Fundaci\u00f3n ITINERIS, para proceder al procesamiento de los datos, la producci\u00f3n de gr\u00e1ficos y tablas b\u00e1sicas, que permitan obtener informaci\u00f3n relevante y en conocimiento profesional. Estar\u00e1 disponible la oportunidad de supervisar el an\u00e1lisis de los resultados para optimizar el proceso.\u00a0<\/p>\n<p>El m\u00f3dulo es virtual y autogestionado, de 3 horas de duraci\u00f3n, contando con la posibilidad de aclarar dudas con tutores a trav\u00e9s del correo electr\u00f3nico. Quienes deseen ser habilitados para usar la escala tienen que cumplir con un trabajo pr\u00e1ctico y un encuentro de supervisi\u00f3n tomando la escala.\u00a0<\/p>\n<p>Tambi\u00e9n es posible organizar conferencias o capacitaciones institucionales, sobre esta tem\u00e1tica, presenciales o a distancia, en cualquier pa\u00eds de Latinoam\u00e9rica.<\/p>\n<p>[\/et_pb_text][\/et_pb_column][\/et_pb_row][\/et_pb_section][et_pb_section fb_built=\u00bb1&#8243; _builder_version=\u00bb4.24.0&#8243; _module_preset=\u00bbdefault\u00bb custom_padding=\u00bb0px|||||\u00bb global_colors_info=\u00bb{}\u00bb][et_pb_row _builder_version=\u00bb4.24.0&#8243; _module_preset=\u00bbdefault\u00bb global_colors_info=\u00bb{}\u00bb][et_pb_column type=\u00bb4_4&#8243; _builder_version=\u00bb4.24.0&#8243; _module_preset=\u00bbdefault\u00bb global_colors_info=\u00bb{}\u00bb][et_pb_button button_text=\u00bbContactanos\u00bb _builder_version=\u00bb4.24.0&#8243; _module_preset=\u00bbdefault\u00bb custom_button=\u00bbon\u00bb button_text_color=\u00bb#FFFFFF\u00bb button_bg_color=\u00bb#0C71C3&#8243; global_colors_info=\u00bb{}\u00bb][\/et_pb_button][et_pb_text _builder_version=\u00bb4.24.0&#8243; _module_preset=\u00bbdefault\u00bb text_text_color=\u00bb#000000&#8243; text_font_size=\u00bb20px\u00bb text_line_height=\u00bb1.8em\u00bb global_colors_info=\u00bb{}\u00bb]<\/p>\n<p><strong>Materiales relacionados<\/strong><\/p>\n<p>[\/et_pb_text][et_pb_button button_text=\u00bbLe\u00e9\u00bb _builder_version=\u00bb4.24.0&#8243; _module_preset=\u00bbdefault\u00bb custom_button=\u00bbon\u00bb button_text_color=\u00bb#FFFFFF\u00bb button_bg_color=\u00bb#b42e3c\u00bb global_colors_info=\u00bb{}\u00bb][\/et_pb_button][\/et_pb_column][\/et_pb_row][\/et_pb_section]<\/p>\n","protected":false},"excerpt":{"rendered":"<p>Procesos de inclusi\u00f3nProcesos de inclusi\u00f3nLos procesos de inclusi\u00f3n y la transformaci\u00f3n de las instituciones y las comunidades en inclusivas, es una norma est\u00e1ndar en la actualidad. La implementaci\u00f3n de herramientas que permitan dar cuenta de c\u00f3mo se est\u00e1n llevando a cabo los procesos de inclusi\u00f3n, tiene pleno sentido en todas las organizaciones que tienen el [&hellip;]<\/p>\n","protected":false},"author":2,"featured_media":0,"parent":0,"menu_order":0,"comment_status":"closed","ping_status":"closed","template":"","meta":{"_et_pb_use_builder":"on","_et_pb_old_content":"<!-- wp:divi\/placeholder \/-->","_et_gb_content_width":"","footnotes":""},"class_list":["post-206","page","type-page","status-publish","hentry"],"_links":{"self":[{"href":"https:\/\/itineris.org.ar\/web\/wp-json\/wp\/v2\/pages\/206","targetHints":{"allow":["GET"]}}],"collection":[{"href":"https:\/\/itineris.org.ar\/web\/wp-json\/wp\/v2\/pages"}],"about":[{"href":"https:\/\/itineris.org.ar\/web\/wp-json\/wp\/v2\/types\/page"}],"author":[{"embeddable":true,"href":"https:\/\/itineris.org.ar\/web\/wp-json\/wp\/v2\/users\/2"}],"replies":[{"embeddable":true,"href":"https:\/\/itineris.org.ar\/web\/wp-json\/wp\/v2\/comments?post=206"}],"version-history":[{"count":5,"href":"https:\/\/itineris.org.ar\/web\/wp-json\/wp\/v2\/pages\/206\/revisions"}],"predecessor-version":[{"id":620,"href":"https:\/\/itineris.org.ar\/web\/wp-json\/wp\/v2\/pages\/206\/revisions\/620"}],"wp:attachment":[{"href":"https:\/\/itineris.org.ar\/web\/wp-json\/wp\/v2\/media?parent=206"}],"curies":[{"name":"wp","href":"https:\/\/api.w.org\/{rel}","templated":true}]}}