{"id":311,"date":"2024-02-26T05:26:28","date_gmt":"2024-02-26T05:26:28","guid":{"rendered":"http:\/\/itineris.org.ar\/web\/?page_id=311"},"modified":"2024-03-17T00:36:13","modified_gmt":"2024-03-17T00:36:13","slug":"transformacion-del-sector-publico","status":"publish","type":"page","link":"https:\/\/itineris.org.ar\/web\/transformacion-del-sector-publico\/","title":{"rendered":"&#8211; Transformaci\u00f3n del sector p\u00fablico &#8211;"},"content":{"rendered":"<p>[et_pb_section fb_built=\u00bb1&#8243; disabled_on=\u00bbon|on|off\u00bb _builder_version=\u00bb4.24.0&#8243; _module_preset=\u00bbdefault\u00bb background_color=\u00bb#0a0a0a\u00bb background_video_mp4=\u00bbhttp:\/\/itineris.org.ar\/web\/wp-content\/uploads\/2024\/02\/Blue-Green-Screen-Gradient-Background-Animation-Stock-Video.mp4&#8243; custom_padding=\u00bb0px||167px|||\u00bb bottom_divider_style=\u00bbwave2&#8243; bottom_divider_color=\u00bb#FFFFFF\u00bb locked=\u00bboff\u00bb global_colors_info=\u00bb{}\u00bb][et_pb_row column_structure=\u00bb1_2,1_2&#8243; _builder_version=\u00bb4.24.0&#8243; _module_preset=\u00bbdefault\u00bb global_colors_info=\u00bb{}\u00bb][et_pb_column type=\u00bb1_2&#8243; _builder_version=\u00bb4.24.0&#8243; _module_preset=\u00bbdefault\u00bb global_colors_info=\u00bb{}\u00bb][et_pb_text _builder_version=\u00bb4.24.0&#8243; _module_preset=\u00bbdefault\u00bb header_font=\u00bb|700|||||||\u00bb header_text_color=\u00bb#FFFFFF\u00bb header_font_size=\u00bb38px\u00bb transform_translate=\u00bb-114px|188px\u00bb transform_translate_linked=\u00bboff\u00bb animation_style=\u00bbslide\u00bb animation_direction=\u00bbbottom\u00bb global_colors_info=\u00bb{}\u00bb]<\/p>\n<h1>Biblioteca multimedia<\/h1>\n<p>[\/et_pb_text][\/et_pb_column][et_pb_column type=\u00bb1_2&#8243; _builder_version=\u00bb4.24.0&#8243; _module_preset=\u00bbdefault\u00bb global_colors_info=\u00bb{}\u00bb][et_pb_image src=\u00bbhttp:\/\/itineris.org.ar\/web\/wp-content\/uploads\/2024\/03\/biblioteca_dig2.png\u00bb _builder_version=\u00bb4.24.2&#8243; _module_preset=\u00bbdefault\u00bb transform_scale=\u00bb154%|154%\u00bb transform_translate=\u00bb0px|30px\u00bb transform_translate_linked=\u00bboff\u00bb hover_enabled=\u00bb0&#8243; global_colors_info=\u00bb{}\u00bb sticky_enabled=\u00bb0&#8243;][\/et_pb_image][\/et_pb_column][\/et_pb_row][\/et_pb_section][et_pb_section fb_built=\u00bb1&#8243; disabled_on=\u00bboff|off|on\u00bb _builder_version=\u00bb4.24.0&#8243; _module_preset=\u00bbdefault\u00bb background_color=\u00bb#0a0a0a\u00bb background_video_mp4=\u00bbhttp:\/\/itineris.org.ar\/web\/wp-content\/uploads\/2024\/02\/Blue-Green-Screen-Gradient-Background-Animation-Stock-Video.mp4&#8243; custom_padding=\u00bb0px||167px|||\u00bb bottom_divider_style=\u00bbwave2&#8243; bottom_divider_color=\u00bb#FFFFFF\u00bb locked=\u00bboff\u00bb global_colors_info=\u00bb{}\u00bb][et_pb_row column_structure=\u00bb1_3,1_3,1_3&#8243; _builder_version=\u00bb4.24.0&#8243; _module_preset=\u00bbdefault\u00bb global_colors_info=\u00bb{}\u00bb][et_pb_column type=\u00bb1_3&#8243; _builder_version=\u00bb4.24.0&#8243; _module_preset=\u00bbdefault\u00bb global_colors_info=\u00bb{}\u00bb][et_pb_text _builder_version=\u00bb4.24.0&#8243; _module_preset=\u00bbdefault\u00bb header_font=\u00bb|700|||||||\u00bb header_text_color=\u00bb#FFFFFF\u00bb transform_translate=\u00bb18px|16px\u00bb transform_translate_linked=\u00bboff\u00bb animation_style=\u00bbslide\u00bb animation_direction=\u00bbbottom\u00bb global_colors_info=\u00bb{}\u00bb]<\/p>\n<h1>Biblioteca multimedia<\/h1>\n<p>[\/et_pb_text][\/et_pb_column][et_pb_column type=\u00bb1_3&#8243; _builder_version=\u00bb4.24.0&#8243; _module_preset=\u00bbdefault\u00bb global_colors_info=\u00bb{}\u00bb][\/et_pb_column][et_pb_column type=\u00bb1_3&#8243; _builder_version=\u00bb4.24.0&#8243; _module_preset=\u00bbdefault\u00bb global_colors_info=\u00bb{}\u00bb][et_pb_image src=\u00bbhttp:\/\/itineris.org.ar\/web\/wp-content\/uploads\/2024\/03\/biblioteca_dig2.png\u00bb _builder_version=\u00bb4.24.2&#8243; _module_preset=\u00bbdefault\u00bb transform_scale=\u00bb154%|154%\u00bb transform_translate=\u00bb0px|30px\u00bb transform_translate_linked=\u00bboff\u00bb hover_enabled=\u00bb0&#8243; global_colors_info=\u00bb{}\u00bb sticky_enabled=\u00bb0&#8243;][\/et_pb_image][\/et_pb_column][\/et_pb_row][\/et_pb_section][et_pb_section fb_built=\u00bb1&#8243; _builder_version=\u00bb4.24.0&#8243; _module_preset=\u00bbdefault\u00bb custom_padding=\u00bb||0px|||\u00bb global_colors_info=\u00bb{}\u00bb][et_pb_row _builder_version=\u00bb4.24.0&#8243; _module_preset=\u00bbdefault\u00bb custom_padding=\u00bb0px|||||\u00bb global_colors_info=\u00bb{}\u00bb][et_pb_column type=\u00bb4_4&#8243; _builder_version=\u00bb4.24.0&#8243; _module_preset=\u00bbdefault\u00bb global_colors_info=\u00bb{}\u00bb][et_pb_text _builder_version=\u00bb4.24.0&#8243; _module_preset=\u00bbdefault\u00bb text_text_color=\u00bb#000000&#8243; text_font_size=\u00bb20px\u00bb text_line_height=\u00bb1.8em\u00bb global_colors_info=\u00bb{}\u00bb]<\/p>\n<h1 style=\"text-align: center;\"><strong>Transformaci\u00f3n del sector p\u00fablico<\/strong><\/h1>\n<p>[\/et_pb_text][\/et_pb_column][\/et_pb_row][\/et_pb_section][et_pb_section fb_built=\u00bb1&#8243; _builder_version=\u00bb4.24.0&#8243; _module_preset=\u00bbdefault\u00bb global_colors_info=\u00bb{}\u00bb][et_pb_row column_structure=\u00bb1_3,1_3,1_3&#8243; _builder_version=\u00bb4.24.0&#8243; _module_preset=\u00bbdefault\u00bb global_colors_info=\u00bb{}\u00bb][et_pb_column type=\u00bb1_3&#8243; _builder_version=\u00bb4.24.0&#8243; _module_preset=\u00bbdefault\u00bb global_colors_info=\u00bb{}\u00bb][et_pb_text _builder_version=\u00bb4.24.0&#8243; _module_preset=\u00bbdefault\u00bb header_4_line_height=\u00bb1.2em\u00bb global_colors_info=\u00bb{}\u00bb]<\/p>\n<h4 style=\"text-align: center;\"><strong>Logros y obst\u00e1culos de una experiencia judicial que apuesta a la transformaci\u00f3n<\/strong><\/h4>\n<p>[\/et_pb_text][et_pb_text _builder_version=\u00bb4.24.0&#8243; _module_preset=\u00bbdefault\u00bb custom_margin=\u00bb||94px|||\u00bb global_colors_info=\u00bb{}\u00bb]<\/p>\n<table width=\"1389\">\n<tbody>\n<tr>\n<td width=\"1389\">La evaluaci\u00f3n judicial de la capacidad jur\u00eddica y los requerimientos de apoyos puede hacerse sistem\u00e1ticamente, usando el concepto de autodeterminaci\u00f3n<\/td>\n<\/tr>\n<\/tbody>\n<\/table>\n<p>[\/et_pb_text][et_pb_button button_url=\u00bbhttp:\/\/itineris.org.ar\/web\/wp-content\/uploads\/2024\/02\/Logros-y-Obstaculos-de-una-de-una-experiencia-judicial-que-apunta-a-la-transformacion.pdf\u00bb url_new_window=\u00bbon\u00bb button_text=\u00bbVer \/ Descargar \u00bb button_alignment=\u00bbcenter\u00bb _builder_version=\u00bb4.24.0&#8243; _module_preset=\u00bbdefault\u00bb global_colors_info=\u00bb{}\u00bb][\/et_pb_button][\/et_pb_column][et_pb_column type=\u00bb1_3&#8243; _builder_version=\u00bb4.24.0&#8243; _module_preset=\u00bbdefault\u00bb global_colors_info=\u00bb{}\u00bb][et_pb_text _builder_version=\u00bb4.24.0&#8243; _module_preset=\u00bbdefault\u00bb header_4_line_height=\u00bb1.2em\u00bb global_colors_info=\u00bb{}\u00bb]<\/p>\n<h4 style=\"text-align: center;\"><strong>La letra chica de la transformaci\u00f3n<\/strong><\/h4>\n<p>[\/et_pb_text][et_pb_text _builder_version=\u00bb4.24.0&#8243; _module_preset=\u00bbdefault\u00bb custom_margin=\u00bb||92px|||\u00bb global_colors_info=\u00bb{}\u00bb]<\/p>\n<table width=\"1389\">\n<tbody>\n<tr>\n<td width=\"1389\">Los enunciados de la Convenci\u00f3n de los derechos de las personas con discapacidad no han logrado modificar las pr\u00e1cticas familiares, escolares, institucionales y comunitarias. El art\u00edculo se\u00f1ala como dar los pasos subsiguientes para la transformaci\u00f3n<\/td>\n<\/tr>\n<\/tbody>\n<\/table>\n<p>[\/et_pb_text][et_pb_button button_url=\u00bbhttp:\/\/itineris.org.ar\/web\/wp-content\/uploads\/2024\/02\/la-letra-chica-de-la-transformacion.pdf\u00bb url_new_window=\u00bbon\u00bb button_text=\u00bbVer \/ Descargar \u00bb button_alignment=\u00bbcenter\u00bb _builder_version=\u00bb4.24.0&#8243; _module_preset=\u00bbdefault\u00bb global_colors_info=\u00bb{}\u00bb][\/et_pb_button][\/et_pb_column][et_pb_column type=\u00bb1_3&#8243; _builder_version=\u00bb4.24.0&#8243; _module_preset=\u00bbdefault\u00bb global_colors_info=\u00bb{}\u00bb][et_pb_text _builder_version=\u00bb4.24.0&#8243; _module_preset=\u00bbdefault\u00bb header_4_line_height=\u00bb1.2em\u00bb global_colors_info=\u00bb{}\u00bb]<\/p>\n<h4 style=\"text-align: center;\"><strong>Las prestaciones asistenciales: reinventamos o erramos<\/strong><\/h4>\n<p>[\/et_pb_text][et_pb_text _builder_version=\u00bb4.24.0&#8243; _module_preset=\u00bbdefault\u00bb global_colors_info=\u00bb{}\u00bb]<\/p>\n<table width=\"1389\">\n<tbody>\n<tr>\n<td width=\"1389\">El sistema prestacional argentino debe asumir el desaf\u00edo de aplicar una reingenier\u00eda que le permita brindar recursos, servicios y apoyos a las personas con discapacidad en todo el territorio de nuestro pa\u00eds, perfeccionando la pol\u00edtica p\u00fablica iniciada a fines del siglo pasado, en la d\u00e9cada de los 90.<\/td>\n<\/tr>\n<\/tbody>\n<\/table>\n<p>[\/et_pb_text][et_pb_button button_url=\u00bbhttp:\/\/itineris.org.ar\/web\/wp-content\/uploads\/2024\/02\/O-reinventamos-o-erramos-Propuestas-para-reformar-el-sistema-prestacional-argentino.pdf\u00bb url_new_window=\u00bbon\u00bb button_text=\u00bbVer \/ Descargar \u00bb button_alignment=\u00bbcenter\u00bb _builder_version=\u00bb4.24.0&#8243; _module_preset=\u00bbdefault\u00bb global_colors_info=\u00bb{}\u00bb][\/et_pb_button][\/et_pb_column][\/et_pb_row][et_pb_row column_structure=\u00bb1_3,1_3,1_3&#8243; _builder_version=\u00bb4.24.0&#8243; _module_preset=\u00bbdefault\u00bb global_colors_info=\u00bb{}\u00bb][et_pb_column type=\u00bb1_3&#8243; _builder_version=\u00bb4.24.0&#8243; _module_preset=\u00bbdefault\u00bb global_colors_info=\u00bb{}\u00bb][et_pb_text _builder_version=\u00bb4.24.0&#8243; _module_preset=\u00bbdefault\u00bb header_4_line_height=\u00bb1.2em\u00bb global_colors_info=\u00bb{}\u00bb]<\/p>\n<h4 style=\"text-align: center;\"><strong>La evoluci\u00f3n del modelo del Observatorio de la Discapacidad en Argentina durante la primer d\u00e9cada de su existencia<\/strong><\/h4>\n<p>[\/et_pb_text][et_pb_text _builder_version=\u00bb4.24.0&#8243; _module_preset=\u00bbdefault\u00bb custom_margin=\u00bb||80px|||\u00bb global_colors_info=\u00bb{}\u00bb]<\/p>\n<table width=\"1389\">\n<tbody>\n<tr>\n<td width=\"1389\">An\u00e1lisis de las estructuras institucionales de gesti\u00f3n del poder de las ONGs, las personas con discapacidad y los profesionales sobre las estructuras estatales y p\u00fablicas<\/td>\n<\/tr>\n<\/tbody>\n<\/table>\n<p>[\/et_pb_text][et_pb_button button_url=\u00bbhttp:\/\/itineris.org.ar\/web\/wp-content\/uploads\/2024\/02\/La-evolucion-del-modelo-del-Observatorio-de-la-Discapacidad-en-Argentina-durante-la-decada-de-su-existencia.pdf\u00bb url_new_window=\u00bbon\u00bb button_text=\u00bbVer \/ Descargar \u00bb button_alignment=\u00bbcenter\u00bb _builder_version=\u00bb4.24.0&#8243; _module_preset=\u00bbdefault\u00bb global_colors_info=\u00bb{}\u00bb][\/et_pb_button][\/et_pb_column][et_pb_column type=\u00bb1_3&#8243; _builder_version=\u00bb4.24.0&#8243; _module_preset=\u00bbdefault\u00bb global_colors_info=\u00bb{}\u00bb][et_pb_text _builder_version=\u00bb4.24.0&#8243; _module_preset=\u00bbdefault\u00bb header_4_line_height=\u00bb1.2em\u00bb global_colors_info=\u00bb{}\u00bb]<\/p>\n<h4 style=\"text-align: center;\"><strong>La experiencia canadiense sobre la transformaci\u00f3n del campo de la discapacidad<\/strong><\/h4>\n<p>[\/et_pb_text][et_pb_text _builder_version=\u00bb4.24.0&#8243; _module_preset=\u00bbdefault\u00bb global_colors_info=\u00bb{}\u00bb]<\/p>\n<table width=\"1389\">\n<tbody>\n<tr>\n<td width=\"1389\">El director ejecutivo de la asociaci\u00f3n canadiense Parkland C.L.A.S.S. relata la historia de los servicios para las personas con discapacidad en Alberta (Canad\u00e1), la transformaci\u00f3n comunitaria. Afirma que no hay transformaci\u00f3n social posible sin un cambio profundo en la mente y en el coraz\u00f3n de toda la comunidad.<\/td>\n<\/tr>\n<\/tbody>\n<\/table>\n<p>[\/et_pb_text][et_pb_button button_url=\u00bbhttp:\/\/itineris.org.ar\/web\/wp-content\/uploads\/2024\/02\/LaExperienciaCanadienseEnDiscapacidad.pdf\u00bb url_new_window=\u00bbon\u00bb button_text=\u00bbVer \/ Descargar \u00bb button_alignment=\u00bbcenter\u00bb _builder_version=\u00bb4.24.0&#8243; _module_preset=\u00bbdefault\u00bb global_colors_info=\u00bb{}\u00bb][\/et_pb_button][\/et_pb_column][et_pb_column type=\u00bb1_3&#8243; _builder_version=\u00bb4.24.0&#8243; _module_preset=\u00bbdefault\u00bb global_colors_info=\u00bb{}\u00bb][et_pb_text _builder_version=\u00bb4.24.0&#8243; _module_preset=\u00bbdefault\u00bb header_4_line_height=\u00bb1.2em\u00bb global_colors_info=\u00bb{}\u00bb]<\/p>\n<h4 style=\"text-align: center;\"><strong>Genealog\u00eda del sistema prestacional argentino<\/strong><\/h4>\n<p>[\/et_pb_text][et_pb_text _builder_version=\u00bb4.24.0&#8243; _module_preset=\u00bbdefault\u00bb custom_margin=\u00bb||141px|||\u00bb global_colors_info=\u00bb{}\u00bb]<\/p>\n<table width=\"1389\">\n<tbody>\n<tr>\n<td width=\"1389\">Entrevista a la Lic. Beatriz P\u00e9rez, quien tuvo a su cargo crear el sistema prestacional argentino en la d\u00e9cada de 1990<\/td>\n<\/tr>\n<\/tbody>\n<\/table>\n<p>[\/et_pb_text][et_pb_button button_url=\u00bbhttp:\/\/itineris.org.ar\/web\/wp-content\/uploads\/2024\/02\/Genealogia-del-sistema-prestacional-argentino.pdf\u00bb url_new_window=\u00bbon\u00bb button_text=\u00bbVer \/ Descargar \u00bb button_alignment=\u00bbcenter\u00bb _builder_version=\u00bb4.24.0&#8243; _module_preset=\u00bbdefault\u00bb global_colors_info=\u00bb{}\u00bb][\/et_pb_button][\/et_pb_column][\/et_pb_row][\/et_pb_section]<\/p>\n","protected":false},"excerpt":{"rendered":"<p>Biblioteca multimediaBiblioteca multimediaTransformaci\u00f3n del sector p\u00fablicoLogros y obst\u00e1culos de una experiencia judicial que apuesta a la transformaci\u00f3n La evaluaci\u00f3n judicial de la capacidad jur\u00eddica y los requerimientos de apoyos puede hacerse sistem\u00e1ticamente, usando el concepto de autodeterminaci\u00f3n La letra chica de la transformaci\u00f3n Los enunciados de la Convenci\u00f3n de los derechos de las personas con [&hellip;]<\/p>\n","protected":false},"author":2,"featured_media":0,"parent":0,"menu_order":0,"comment_status":"closed","ping_status":"closed","template":"","meta":{"_et_pb_use_builder":"on","_et_pb_old_content":"<!-- wp:divi\/placeholder \/-->","_et_gb_content_width":"","footnotes":""},"class_list":["post-311","page","type-page","status-publish","hentry"],"_links":{"self":[{"href":"https:\/\/itineris.org.ar\/web\/wp-json\/wp\/v2\/pages\/311","targetHints":{"allow":["GET"]}}],"collection":[{"href":"https:\/\/itineris.org.ar\/web\/wp-json\/wp\/v2\/pages"}],"about":[{"href":"https:\/\/itineris.org.ar\/web\/wp-json\/wp\/v2\/types\/page"}],"author":[{"embeddable":true,"href":"https:\/\/itineris.org.ar\/web\/wp-json\/wp\/v2\/users\/2"}],"replies":[{"embeddable":true,"href":"https:\/\/itineris.org.ar\/web\/wp-json\/wp\/v2\/comments?post=311"}],"version-history":[{"count":8,"href":"https:\/\/itineris.org.ar\/web\/wp-json\/wp\/v2\/pages\/311\/revisions"}],"predecessor-version":[{"id":685,"href":"https:\/\/itineris.org.ar\/web\/wp-json\/wp\/v2\/pages\/311\/revisions\/685"}],"wp:attachment":[{"href":"https:\/\/itineris.org.ar\/web\/wp-json\/wp\/v2\/media?parent=311"}],"curies":[{"name":"wp","href":"https:\/\/api.w.org\/{rel}","templated":true}]}}