{"id":426,"date":"2024-02-26T07:57:16","date_gmt":"2024-02-26T07:57:16","guid":{"rendered":"http:\/\/itineris.org.ar\/web\/?page_id=426"},"modified":"2024-03-10T01:20:50","modified_gmt":"2024-03-10T01:20:50","slug":"capacitacion-de-nuevos-grupos","status":"publish","type":"page","link":"https:\/\/itineris.org.ar\/web\/capacitacion-de-nuevos-grupos\/","title":{"rendered":"Capacitaci\u00f3n de nuevos grupos"},"content":{"rendered":"<p>[et_pb_section fb_built=\u00bb1&#8243; _builder_version=\u00bb4.24.0&#8243; _module_preset=\u00bbdefault\u00bb background_color=\u00bbRGBA(255,255,255,0)\u00bb background_video_mp4=\u00bbhttp:\/\/itineris.org.ar\/web\/wp-content\/uploads\/2024\/02\/Video-Banner-Stock-Videos-Red-Orange-Yellow-Background-Generic.mp4&#8243; custom_padding=\u00bb0px||162px|||\u00bb bottom_divider_style=\u00bbwave2&#8243; bottom_divider_color=\u00bb#FFFFFF\u00bb hover_enabled=\u00bb0&#8243; global_colors_info=\u00bb{}\u00bb disabled_on=\u00bbon|on|off\u00bb sticky_enabled=\u00bb0&#8243;][et_pb_row column_structure=\u00bb1_2,1_2&#8243; _builder_version=\u00bb4.24.0&#8243; _module_preset=\u00bbdefault\u00bb global_colors_info=\u00bb{}\u00bb][et_pb_column type=\u00bb1_2&#8243; _builder_version=\u00bb4.24.0&#8243; _module_preset=\u00bbdefault\u00bb global_colors_info=\u00bb{}\u00bb][et_pb_image src=\u00bbhttp:\/\/itineris.org.ar\/web\/wp-content\/uploads\/2024\/02\/AA-color.png\u00bb _builder_version=\u00bb4.24.0&#8243; _module_preset=\u00bbdefault\u00bb transform_scale=\u00bb96%|96%\u00bb transform_translate=\u00bb0px|30px\u00bb transform_translate_linked=\u00bboff\u00bb global_colors_info=\u00bb{}\u00bb][\/et_pb_image][\/et_pb_column][et_pb_column type=\u00bb1_2&#8243; _builder_version=\u00bb4.24.0&#8243; _module_preset=\u00bbdefault\u00bb global_colors_info=\u00bb{}\u00bb][et_pb_text _builder_version=\u00bb4.24.0&#8243; _module_preset=\u00bbdefault\u00bb header_text_color=\u00bb#000000&#8243; transform_translate=\u00bb182px|262px\u00bb transform_translate_linked=\u00bboff\u00bb animation_style=\u00bbslide\u00bb animation_direction=\u00bbright\u00bb header_text_shadow_style=\u00bbpreset1&#8243; header_text_shadow_color=\u00bb#FFFFFF\u00bb global_colors_info=\u00bb{}\u00bb]<\/p>\n<h1><strong>Capacitaci\u00f3n de nuevos grupos<\/strong><\/h1>\n<p>[\/et_pb_text][\/et_pb_column][\/et_pb_row][\/et_pb_section][et_pb_section fb_built=\u00bb1&#8243; _builder_version=\u00bb4.24.0&#8243; _module_preset=\u00bbdefault\u00bb background_color=\u00bbRGBA(255,255,255,0)\u00bb background_video_mp4=\u00bbhttp:\/\/itineris.org.ar\/web\/wp-content\/uploads\/2024\/02\/Video-Banner-Stock-Videos-Red-Orange-Yellow-Background-Generic.mp4&#8243; custom_padding=\u00bb0px||162px|||\u00bb bottom_divider_style=\u00bbwave2&#8243; bottom_divider_color=\u00bb#FFFFFF\u00bb hover_enabled=\u00bb0&#8243; global_colors_info=\u00bb{}\u00bb disabled_on=\u00bboff|off|on\u00bb sticky_enabled=\u00bb0&#8243;][et_pb_row column_structure=\u00bb1_2,1_2&#8243; _builder_version=\u00bb4.24.0&#8243; _module_preset=\u00bbdefault\u00bb global_colors_info=\u00bb{}\u00bb][et_pb_column type=\u00bb1_2&#8243; _builder_version=\u00bb4.24.0&#8243; _module_preset=\u00bbdefault\u00bb global_colors_info=\u00bb{}\u00bb][et_pb_image src=\u00bbhttp:\/\/itineris.org.ar\/web\/wp-content\/uploads\/2024\/02\/AA-color.png\u00bb _builder_version=\u00bb4.24.0&#8243; _module_preset=\u00bbdefault\u00bb transform_scale=\u00bb96%|96%\u00bb transform_translate=\u00bb0px|30px\u00bb transform_translate_linked=\u00bboff\u00bb global_colors_info=\u00bb{}\u00bb][\/et_pb_image][\/et_pb_column][et_pb_column type=\u00bb1_2&#8243; _builder_version=\u00bb4.24.0&#8243; _module_preset=\u00bbdefault\u00bb global_colors_info=\u00bb{}\u00bb][et_pb_text _builder_version=\u00bb4.24.0&#8243; _module_preset=\u00bbdefault\u00bb header_text_color=\u00bb#000000&#8243; transform_translate=\u00bb39px|42px\u00bb transform_translate_linked=\u00bboff\u00bb animation_style=\u00bbslide\u00bb animation_direction=\u00bbright\u00bb hover_enabled=\u00bb0&#8243; header_text_shadow_style=\u00bbpreset1&#8243; header_text_shadow_color=\u00bb#FFFFFF\u00bb global_colors_info=\u00bb{}\u00bb sticky_enabled=\u00bb0&#8243;]<\/p>\n<h1><strong>Capacitaci\u00f3n de nuevos grupos<\/strong><\/h1>\n<p>[\/et_pb_text][\/et_pb_column][\/et_pb_row][\/et_pb_section][et_pb_section fb_built=\u00bb1&#8243; _builder_version=\u00bb4.24.0&#8243; _module_preset=\u00bbdefault\u00bb global_colors_info=\u00bb{}\u00bb][et_pb_row _builder_version=\u00bb4.24.0&#8243; _module_preset=\u00bbdefault\u00bb global_colors_info=\u00bb{}\u00bb][et_pb_column type=\u00bb4_4&#8243; _builder_version=\u00bb4.24.0&#8243; _module_preset=\u00bbdefault\u00bb global_colors_info=\u00bb{}\u00bb][et_pb_text _builder_version=\u00bb4.24.0&#8243; _module_preset=\u00bbdefault\u00bb text_text_color=\u00bb#000000&#8243; text_font_size=\u00bb20px\u00bb text_line_height=\u00bb1.8em\u00bb global_colors_info=\u00bb{}\u00bb]<\/p>\n<p>El Programa de Capacitaci\u00f3n de Autogestores y Facilitadores se desarrolla desde el a\u00f1o 2012, financiado por gobiernos locales u organizaciones que deseen habilitar para sus beneficiarios una alternativa innovadora al trabajo intrainstitucional.\u00a0<\/p>\n<p>Los grupos de personas con discapacidad intelectual adolescentes, j\u00f3venes y adultas que, voluntariamente, acepten participar) reciben capacitaci\u00f3n de nuestra organizaci\u00f3n.<\/p>\n<p>En forma conjunta, y como condici\u00f3n indispensable, esa misma capacitaci\u00f3n la reciben dos voluntarios facilitadores sin discapacidad que est\u00e9n dispuestos a comprometerse en fortalecer el grupo de autogestores y ser un apoyo para el desarrollo grupal.<\/p>\n<p>\u00a0<strong>El programa federal de capacitaci\u00f3n est\u00e1 destinado a <\/strong><\/p>\n<p>Grupos de 5 a 10 personas con discapacidad intelectual, preferentemente, mayores de 18 a\u00f1os, con algunas habilidades de expresi\u00f3n oral, de participaci\u00f3n grupal, de lectoescritura (no es excluyente).<\/p>\n<p>Es aconsejable que no tengan la misma pertenencia institucional; recomendamos con \u00e9nfasis que no todos los miembros sean de una \u00fanica instituci\u00f3n.<\/p>\n<p>Los facilitadores, preferentemente dos personas por grupo de Autogestores en formaci\u00f3n, tienen que tener experiencia previa en la coordinaci\u00f3n de grupos. La tarea de facilitaci\u00f3n implica el compromiso con el grupo durante un a\u00f1o, en forma voluntaria.\u00a0<\/p>\n<p><strong>Objetivo <\/strong><\/p>\n<p>Conformar un grupo de Autogestores con discapacidad, que incida localmente para hacer m\u00e1s inclusivas las comunidades de la regi\u00f3n.<\/p>\n<p><strong>Estructura <\/strong><\/p>\n<p>6 m\u00f3dulos mensuales de capacitaci\u00f3n: con reuniones semanales programadas para que los facilitadores apoyen el desarrollo local del futuro grupo, a trav\u00e9s de la plataforma educativa de Moodle.<\/p>\n<p>6 meses gratuitos de supervisi\u00f3n posterior\u00a0<\/p>\n<p>FECHA DE INICIO<\/p>\n<p>Mayo de cada a\u00f1o\u00a0<\/p>\n<p>DURACI\u00d3N<\/p>\n<p>6 meses + 6 meses\u00a0<\/p>\n<p>D\u00cdA Y HORARIO<\/p>\n<p>1 encuentro virtual mensual (usualmente viernes por la ma\u00f1ana)<\/p>\n<p>Reuniones locales semanales\u00a0<\/p>\n<p><strong>Recursos <\/strong><\/p>\n<p>Actividades concretas, entre los miembros del grupo y con la comunidad.<\/p>\n<p>Plataforma virtual de aprendizaje, con tutor\u00eda, para compartir resultados y consultas.<\/p>\n<p>Materiales y consignas en espa\u00f1ol sencillo.<\/p>\n<p>Los grupos gestionar\u00e1n un lugar de encuentro en la comunidad.\u00a0<\/p>\n<p><em>Los consejos o direcciones de discapacidad de los municipios, las escuelas especiales, los profesorados, las universidades, las organizaciones que trabajan con personas con discapacidad son buenos lugares adonde llevar la propuesta y <\/em><em>encontrar interesados en este programa.<\/em><\/p>\n<p>[\/et_pb_text][\/et_pb_column][\/et_pb_row][et_pb_row _builder_version=\u00bb4.24.0&#8243; _module_preset=\u00bbdefault\u00bb locked=\u00bboff\u00bb global_colors_info=\u00bb{}\u00bb][et_pb_column type=\u00bb4_4&#8243; _builder_version=\u00bb4.24.0&#8243; _module_preset=\u00bbdefault\u00bb global_colors_info=\u00bb{}\u00bb][et_pb_button button_url=\u00bbhttps:\/\/docs.google.com\/forms\/d\/e\/1FAIpQLSdcQKvhfbAaP0nsdV4cBxufQ03iVNaxRRlRd7cz2elcBYqzHw\/viewform\u00bb url_new_window=\u00bbon\u00bb button_text=\u00bbSi quer\u00e9s m\u00e1s informaci\u00f3n clic aqu\u00ed\u00bb button_alignment=\u00bbcenter\u00bb _builder_version=\u00bb4.24.0&#8243; _module_preset=\u00bbdefault\u00bb custom_button=\u00bbon\u00bb button_text_color=\u00bb#FFFFFF\u00bb button_bg_color=\u00bb#0C71C3&#8243; global_colors_info=\u00bb{}\u00bb][\/et_pb_button][\/et_pb_column][\/et_pb_row][\/et_pb_section]<\/p>\n","protected":false},"excerpt":{"rendered":"<p>Capacitaci\u00f3n de nuevos gruposCapacitaci\u00f3n de nuevos gruposEl Programa de Capacitaci\u00f3n de Autogestores y Facilitadores se desarrolla desde el a\u00f1o 2012, financiado por gobiernos locales u organizaciones que deseen habilitar para sus beneficiarios una alternativa innovadora al trabajo intrainstitucional.\u00a0 Los grupos de personas con discapacidad intelectual adolescentes, j\u00f3venes y adultas que, voluntariamente, acepten participar) reciben capacitaci\u00f3n [&hellip;]<\/p>\n","protected":false},"author":2,"featured_media":0,"parent":0,"menu_order":0,"comment_status":"closed","ping_status":"closed","template":"","meta":{"_et_pb_use_builder":"on","_et_pb_old_content":"<!-- wp:divi\/placeholder \/-->","_et_gb_content_width":"","footnotes":""},"class_list":["post-426","page","type-page","status-publish","hentry"],"_links":{"self":[{"href":"https:\/\/itineris.org.ar\/web\/wp-json\/wp\/v2\/pages\/426","targetHints":{"allow":["GET"]}}],"collection":[{"href":"https:\/\/itineris.org.ar\/web\/wp-json\/wp\/v2\/pages"}],"about":[{"href":"https:\/\/itineris.org.ar\/web\/wp-json\/wp\/v2\/types\/page"}],"author":[{"embeddable":true,"href":"https:\/\/itineris.org.ar\/web\/wp-json\/wp\/v2\/users\/2"}],"replies":[{"embeddable":true,"href":"https:\/\/itineris.org.ar\/web\/wp-json\/wp\/v2\/comments?post=426"}],"version-history":[{"count":4,"href":"https:\/\/itineris.org.ar\/web\/wp-json\/wp\/v2\/pages\/426\/revisions"}],"predecessor-version":[{"id":639,"href":"https:\/\/itineris.org.ar\/web\/wp-json\/wp\/v2\/pages\/426\/revisions\/639"}],"wp:attachment":[{"href":"https:\/\/itineris.org.ar\/web\/wp-json\/wp\/v2\/media?parent=426"}],"curies":[{"name":"wp","href":"https:\/\/api.w.org\/{rel}","templated":true}]}}