{"id":7,"date":"2024-01-29T20:57:33","date_gmt":"2024-01-29T20:57:33","guid":{"rendered":"http:\/\/itineris.org.ar\/web\/?page_id=7"},"modified":"2024-03-17T00:18:07","modified_gmt":"2024-03-17T00:18:07","slug":"la-fundacion","status":"publish","type":"page","link":"https:\/\/itineris.org.ar\/web\/","title":{"rendered":"La Fundaci\u00f3n"},"content":{"rendered":"<p>[et_pb_section fb_built=\u00bb1&#8243; disabled_on=\u00bbon|on|off\u00bb _builder_version=\u00bb4.24.0&#8243; _module_preset=\u00bbdefault\u00bb background_color=\u00bb#0a0a0a\u00bb background_video_mp4=\u00bbhttp:\/\/itineris.org.ar\/web\/wp-content\/uploads\/2024\/02\/Blue-Green-Screen-Gradient-Background-Animation-Stock-Video.mp4&#8243; custom_padding=\u00bb0px||167px|||\u00bb bottom_divider_style=\u00bbwave2&#8243; bottom_divider_color=\u00bb#1395e6&#8243; global_colors_info=\u00bb{}\u00bb][et_pb_row column_structure=\u00bb1_2,1_2&#8243; _builder_version=\u00bb4.24.0&#8243; _module_preset=\u00bbdefault\u00bb global_colors_info=\u00bb{}\u00bb][et_pb_column type=\u00bb1_2&#8243; _builder_version=\u00bb4.24.0&#8243; _module_preset=\u00bbdefault\u00bb global_colors_info=\u00bb{}\u00bb][et_pb_text _builder_version=\u00bb4.24.0&#8243; _module_preset=\u00bbdefault\u00bb text_text_color=\u00bb#FFFFFF\u00bb header_2_text_color=\u00bb#FFFFFF\u00bb header_2_font_size=\u00bb19px\u00bb header_2_letter_spacing=\u00bb2px\u00bb header_2_line_height=\u00bb1.3em\u00bb transform_translate=\u00bb-114px|96px\u00bb transform_translate_linked=\u00bboff\u00bb custom_margin=\u00bb-55px|||||\u00bb animation_style=\u00bbslide\u00bb animation_direction=\u00bbleft\u00bb global_colors_info=\u00bb{}\u00bb]<\/p>\n<h2>LIDERAMOS EL CAMBIO DE PR\u00c1CTICAS EN DISCAPACIDAD PARA LATINOAMERICA<\/h2>\n<p>[\/et_pb_text][et_pb_text _builder_version=\u00bb4.24.0&#8243; _module_preset=\u00bbdefault\u00bb header_font=\u00bb|700|||||||\u00bb header_text_color=\u00bb#FFFFFF\u00bb header_font_size=\u00bb38px\u00bb transform_translate=\u00bb-114px|121px\u00bb transform_translate_linked=\u00bboff\u00bb animation_style=\u00bbslide\u00bb animation_direction=\u00bbbottom\u00bb global_colors_info=\u00bb{}\u00bb]<\/p>\n<h1>La inclusi\u00f3n: un trabajo en comunidad<\/h1>\n<p>[\/et_pb_text][et_pb_text _builder_version=\u00bb4.24.0&#8243; _module_preset=\u00bbdefault\u00bb header_2_text_color=\u00bb#FFFFFF\u00bb header_2_font_size=\u00bb20px\u00bb header_2_line_height=\u00bb1.3em\u00bb transform_translate=\u00bb-120px|146px\u00bb transform_translate_linked=\u00bboff\u00bb animation_style=\u00bbslide\u00bb animation_direction=\u00bbleft\u00bb global_colors_info=\u00bb{}\u00bb]<\/p>\n<h2>Somos una <strong>Organizaci\u00f3n de la Sociedad Civil<\/strong> sin fines de lucro, radicada en Buenos Aires, Argentina<\/h2>\n<p>[\/et_pb_text][et_pb_button button_url=\u00bb@ET-DC@eyJkeW5hbWljIjp0cnVlLCJjb250ZW50IjoicG9zdF9saW5rX3VybF9wYWdlIiwic2V0dGluZ3MiOnsicG9zdF9pZCI6Ijc3In19@\u00bb button_text=\u00bbConocenos\u00bb _builder_version=\u00bb4.24.0&#8243; _dynamic_attributes=\u00bbbutton_url\u00bb _module_preset=\u00bbdefault\u00bb custom_button=\u00bbon\u00bb button_text_color=\u00bb#000000&#8243; button_bg_color=\u00bb#ffffff\u00bb button_border_radius=\u00bb68px\u00bb button_icon=\u00bb&#x24;||divi||400&#8243; transform_scale=\u00bb112%|112%\u00bb transform_translate=\u00bb-104px|167px\u00bb transform_translate_linked=\u00bboff\u00bb animation_style=\u00bbslide\u00bb animation_direction=\u00bbleft\u00bb global_colors_info=\u00bb{}\u00bb][\/et_pb_button][\/et_pb_column][et_pb_column type=\u00bb1_2&#8243; _builder_version=\u00bb4.24.0&#8243; _module_preset=\u00bbdefault\u00bb global_colors_info=\u00bb{}\u00bb][et_pb_image src=\u00bbhttp:\/\/itineris.org.ar\/web\/wp-content\/uploads\/2024\/03\/inicio1.png\u00bb _builder_version=\u00bb4.24.2&#8243; _module_preset=\u00bbdefault\u00bb transform_scale=\u00bb154%|154%\u00bb transform_translate=\u00bb0px|65px\u00bb transform_translate_linked=\u00bboff\u00bb global_colors_info=\u00bb{}\u00bb][\/et_pb_image][\/et_pb_column][\/et_pb_row][\/et_pb_section][et_pb_section fb_built=\u00bb1&#8243; disabled_on=\u00bboff|off|on\u00bb _builder_version=\u00bb4.24.0&#8243; _module_preset=\u00bbdefault\u00bb background_color=\u00bb#0a0a0a\u00bb background_video_mp4=\u00bbhttp:\/\/itineris.org.ar\/web\/wp-content\/uploads\/2024\/02\/Blue-Green-Screen-Gradient-Background-Animation-Stock-Video.mp4&#8243; custom_padding=\u00bb0px||174px|||\u00bb bottom_divider_style=\u00bbwave2&#8243; bottom_divider_color=\u00bb#1395e6&#8243; global_colors_info=\u00bb{}\u00bb][et_pb_row column_structure=\u00bb1_2,1_2&#8243; _builder_version=\u00bb4.24.0&#8243; _module_preset=\u00bbdefault\u00bb global_colors_info=\u00bb{}\u00bb][et_pb_column type=\u00bb1_2&#8243; _builder_version=\u00bb4.24.0&#8243; _module_preset=\u00bbdefault\u00bb global_colors_info=\u00bb{}\u00bb][et_pb_text _builder_version=\u00bb4.24.0&#8243; _module_preset=\u00bbdefault\u00bb text_text_color=\u00bb#FFFFFF\u00bb header_2_text_color=\u00bb#FFFFFF\u00bb header_2_font_size=\u00bb19px\u00bb header_2_letter_spacing=\u00bb2px\u00bb header_2_line_height=\u00bb1.3em\u00bb transform_translate=\u00bb14px|89px\u00bb transform_translate_linked=\u00bboff\u00bb custom_margin=\u00bb-55px|||||\u00bb animation_style=\u00bbslide\u00bb animation_direction=\u00bbleft\u00bb global_colors_info=\u00bb{}\u00bb]<\/p>\n<h2>LIDERAMOS EL CAMBIO DE PR\u00c1CTICAS EN DISCAPACIDAD PARA LATINOAMERICA<\/h2>\n<p>[\/et_pb_text][et_pb_text _builder_version=\u00bb4.24.0&#8243; _module_preset=\u00bbdefault\u00bb header_font=\u00bb|700|||||||\u00bb header_text_color=\u00bb#FFFFFF\u00bb header_font_size=\u00bb38px\u00bb transform_translate=\u00bb10px|98px\u00bb transform_translate_linked=\u00bboff\u00bb animation_style=\u00bbslide\u00bb animation_direction=\u00bbbottom\u00bb global_colors_info=\u00bb{}\u00bb]<\/p>\n<h1>La inclusi\u00f3n: un trabajo en comunidad<\/h1>\n<p>[\/et_pb_text][et_pb_text _builder_version=\u00bb4.24.0&#8243; _module_preset=\u00bbdefault\u00bb header_2_text_color=\u00bb#FFFFFF\u00bb header_2_font_size=\u00bb20px\u00bb header_2_line_height=\u00bb1.3em\u00bb transform_translate=\u00bb3px|124px\u00bb transform_translate_linked=\u00bboff\u00bb animation_style=\u00bbslide\u00bb animation_direction=\u00bbleft\u00bb global_colors_info=\u00bb{}\u00bb]<\/p>\n<h2>Somos una <strong>Organizaci\u00f3n de la Sociedad Civil<\/strong> sin fines de lucro, radicada en Buenos Aires, Argentina<\/h2>\n<p>[\/et_pb_text][et_pb_button button_url=\u00bb@ET-DC@eyJkeW5hbWljIjp0cnVlLCJjb250ZW50IjoicG9zdF9saW5rX3VybF9wYWdlIiwic2V0dGluZ3MiOnsicG9zdF9pZCI6Ijc3In19@\u00bb button_text=\u00bbConocenos\u00bb _builder_version=\u00bb4.24.0&#8243; _dynamic_attributes=\u00bbbutton_url\u00bb _module_preset=\u00bbdefault\u00bb custom_button=\u00bbon\u00bb button_text_color=\u00bb#000000&#8243; button_bg_color=\u00bb#ffffff\u00bb button_border_radius=\u00bb68px\u00bb button_icon=\u00bb&#x24;||divi||400&#8243; transform_scale=\u00bb112%|112%\u00bb transform_translate=\u00bb79px|361px\u00bb transform_translate_linked=\u00bboff\u00bb animation_style=\u00bbslide\u00bb animation_direction=\u00bbleft\u00bb global_colors_info=\u00bb{}\u00bb][\/et_pb_button][\/et_pb_column][et_pb_column type=\u00bb1_2&#8243; _builder_version=\u00bb4.24.0&#8243; _module_preset=\u00bbdefault\u00bb global_colors_info=\u00bb{}\u00bb][et_pb_image src=\u00bbhttp:\/\/itineris.org.ar\/web\/wp-content\/uploads\/2024\/03\/inicio1.png\u00bb _builder_version=\u00bb4.24.2&#8243; _module_preset=\u00bbdefault\u00bb transform_scale=\u00bb154%|154%\u00bb transform_translate=\u00bb0px|65px\u00bb transform_translate_linked=\u00bboff\u00bb hover_enabled=\u00bb0&#8243; global_colors_info=\u00bb{}\u00bb sticky_enabled=\u00bb0&#8243;][\/et_pb_image][\/et_pb_column][\/et_pb_row][\/et_pb_section]<\/p>\n","protected":false},"excerpt":{"rendered":"<p>LIDERAMOS EL CAMBIO DE PR\u00c1CTICAS EN DISCAPACIDAD PARA LATINOAMERICALa inclusi\u00f3n: un trabajo en comunidadSomos una Organizaci\u00f3n de la Sociedad Civil sin fines de lucro, radicada en Buenos Aires, ArgentinaLIDERAMOS EL CAMBIO DE PR\u00c1CTICAS EN DISCAPACIDAD PARA LATINOAMERICALa inclusi\u00f3n: un trabajo en comunidadSomos una Organizaci\u00f3n de la Sociedad Civil sin fines de lucro, radicada en Buenos [&hellip;]<\/p>\n","protected":false},"author":2,"featured_media":0,"parent":0,"menu_order":0,"comment_status":"closed","ping_status":"closed","template":"","meta":{"_et_pb_use_builder":"on","_et_pb_old_content":"<!-- wp:divi\/placeholder \/-->","_et_gb_content_width":"","footnotes":""},"class_list":["post-7","page","type-page","status-publish","hentry"],"_links":{"self":[{"href":"https:\/\/itineris.org.ar\/web\/wp-json\/wp\/v2\/pages\/7","targetHints":{"allow":["GET"]}}],"collection":[{"href":"https:\/\/itineris.org.ar\/web\/wp-json\/wp\/v2\/pages"}],"about":[{"href":"https:\/\/itineris.org.ar\/web\/wp-json\/wp\/v2\/types\/page"}],"author":[{"embeddable":true,"href":"https:\/\/itineris.org.ar\/web\/wp-json\/wp\/v2\/users\/2"}],"replies":[{"embeddable":true,"href":"https:\/\/itineris.org.ar\/web\/wp-json\/wp\/v2\/comments?post=7"}],"version-history":[{"count":19,"href":"https:\/\/itineris.org.ar\/web\/wp-json\/wp\/v2\/pages\/7\/revisions"}],"predecessor-version":[{"id":672,"href":"https:\/\/itineris.org.ar\/web\/wp-json\/wp\/v2\/pages\/7\/revisions\/672"}],"wp:attachment":[{"href":"https:\/\/itineris.org.ar\/web\/wp-json\/wp\/v2\/media?parent=7"}],"curies":[{"name":"wp","href":"https:\/\/api.w.org\/{rel}","templated":true}]}}